{"id":12,"date":"2014-03-21T09:35:33","date_gmt":"2014-03-21T09:35:33","guid":{"rendered":"http:\/\/rivers-avenue.com\/RA\/?page_id=12"},"modified":"2025-11-18T07:42:12","modified_gmt":"2025-11-18T07:42:12","slug":"band","status":"publish","type":"page","link":"https:\/\/www.rivers-avenue.com\/RA\/?page_id=12","title":{"rendered":"Band"},"content":{"rendered":"<p><a href=\"https:\/\/www.rivers-avenue.com\/RA\/wp-content\/uploads\/2025\/11\/DPS_1214-scaled.jpg\"><img loading=\"lazy\" decoding=\"async\" class=\"alignnone size-medium wp-image-669\" src=\"https:\/\/www.rivers-avenue.com\/RA\/wp-content\/uploads\/2025\/11\/DPS_1214-300x200.jpg\" alt=\"\" width=\"300\" height=\"200\" srcset=\"https:\/\/www.rivers-avenue.com\/RA\/wp-content\/uploads\/2025\/11\/DPS_1214-300x200.jpg 300w, https:\/\/www.rivers-avenue.com\/RA\/wp-content\/uploads\/2025\/11\/DPS_1214-1024x683.jpg 1024w, https:\/\/www.rivers-avenue.com\/RA\/wp-content\/uploads\/2025\/11\/DPS_1214-768x513.jpg 768w, https:\/\/www.rivers-avenue.com\/RA\/wp-content\/uploads\/2025\/11\/DPS_1214-1536x1025.jpg 1536w, https:\/\/www.rivers-avenue.com\/RA\/wp-content\/uploads\/2025\/11\/DPS_1214-2048x1367.jpg 2048w, https:\/\/www.rivers-avenue.com\/RA\/wp-content\/uploads\/2025\/11\/DPS_1214-420x280.jpg 420w, https:\/\/www.rivers-avenue.com\/RA\/wp-content\/uploads\/2025\/11\/DPS_1214-385x257.jpg 385w\" sizes=\"auto, (max-width: 300px) 100vw, 300px\" \/><\/a><\/p>\n<h2><strong>Bandgeschichte<\/strong><\/h2>\n<div title=\"Page 1\">\n<div>\n<div>\n<p data-start=\"331\" data-end=\"617\"><strong data-start=\"331\" data-end=\"348\">Rivers Avenue<\/strong> steht seit jeher nicht nur f\u00fcr Musik, sondern f\u00fcr eine gemeinsame Zeit, die weit \u00fcber die B\u00fchne hinausgeht. Was als lockere Idee f\u00fcr ein einziges Konzert begann, entwickelte sich zu einer Band, deren Zusammenhalt, Humor und Leidenschaft bis heute das Fundament bilden.<\/p>\n<p data-start=\"619\" data-end=\"1093\">Als Rivers Avenue 2005 von drei Musikern gegr\u00fcndet wurde, war lediglich ein einmaliger Auftritt geplant. Doch zwei intensive Probewochen im Kleinwalsertal \u00e4nderten alles: Die Band gewann \u00fcberraschend den Bandwettbewerb <em data-start=\"838\" data-end=\"852\">\u201eNew Soundz\u201c<\/em> in Immenstadt \u2013 ein Moment, der den Weg f\u00fcr alles Weitere ebnete. Schnell wurde klar, dass hier mehr entstand als ein Projekt: Musik, Freundschaft und gemeinsame Interessen verschmolzen zu einem Motor, der die Band noch Jahre tragen sollte.<\/p>\n<p data-start=\"1095\" data-end=\"1390\">Nach einer zweij\u00e4hrigen Pause und einer Neubesetzung im Jahr 2008 schlug die Band einen neuen musikalischen Kurs ein. Aus dem fr\u00fchen, selbst kreierten Campfire-Funk wurde ein energiegeladener Mix aus Ska, Punk und Reggae \u2013 ein Sound, der \u00fcber die Jahre zum Markenzeichen von Rivers Avenue wurde.<\/p>\n<p data-start=\"1392\" data-end=\"1708\">Bis heute lebt die Band von genau dieser Dynamik: berufst\u00e4tige Musiker, die sich regelm\u00e4\u00dfig treffen, um zusammen Songs zu schreiben, zu jammen und einfach Zeit miteinander zu verbringen. Die St\u00fccke entstehen haupts\u00e4chlich im Proberaum \u2013 jeder bringt seine eigenen Ideen ein, aus denen ein gemeinsamer Sound entsteht.<\/p>\n<p data-start=\"1710\" data-end=\"2193\">Mit dieser Spielfreude stand Rivers Avenue bereits mit zahlreichen Szenegr\u00f6\u00dfen auf der B\u00fchne, darunter <strong data-start=\"1813\" data-end=\"1915\">Mad Caddies, Jaya The Cat, Reel Big Fish, RANTANPLAN, The Dreadnoughts, K.I.Z., MoskovSkaya, Civet, Un Kuartito <\/strong>und viele mehr. Ob im Barfly in Sonthofen, im Club Vaudeville in Lindau oder auf gr\u00f6\u00dferen Festivals wie dem <em data-start=\"2024\" data-end=\"2029\">U&amp;D<\/em> in Lindau oder dem <strong data-start=\"2049\" data-end=\"2070\">Tollwood Festival<\/strong> in M\u00fcnchen \u2013 Rivers Avenue ist seit Jahren ein Garant f\u00fcr energiegeladene, ehrliche und qualitativ hochwertige Live-Shows.<\/p>\n<\/div>\n<\/div>\n<\/div>\n","protected":false},"excerpt":{"rendered":"<p>Bandgeschichte Rivers Avenue steht seit jeher nicht nur f\u00fcr Musik, sondern f\u00fcr eine gemeinsame Zeit, die weit \u00fcber die B\u00fchne hinausgeht. Was als lockere Idee f\u00fcr ein einziges Konzert begann, entwickelte sich zu einer Band, deren Zusammenhalt, Humor und Leidenschaft bis heute das Fundament bilden. Als Rivers Avenue 2005 von drei Musikern gegr\u00fcndet wurde, war lediglich ein einmaliger Auftritt geplant. Doch zwei intensive Probewochen im Kleinwalsertal \u00e4nderten alles: Die Band gewann \u00fcberraschend den Bandwettbewerb \u201eNew Soundz\u201c in Immenstadt \u2013 ein Moment, der den Weg f\u00fcr alles Weitere ebnete. Schnell wurde klar, dass hier mehr entstand als ein Projekt: Musik, Freundschaft und gemeinsame Interessen verschmolzen zu einem Motor, der die Band <span class=\"read-more\"><a class=\"more-link btn btn-transparent\" href=\"https:\/\/www.rivers-avenue.com\/RA\/?page_id=12\">Read More &#8230;<\/a><\/span><\/p>\n","protected":false},"author":1,"featured_media":667,"parent":0,"menu_order":2,"comment_status":"closed","ping_status":"closed","template":"","meta":{"footnotes":""},"class_list":["post-12","page","type-page","status-publish","has-post-thumbnail","hentry"],"_links":{"self":[{"href":"https:\/\/www.rivers-avenue.com\/RA\/index.php?rest_route=\/wp\/v2\/pages\/12","targetHints":{"allow":["GET"]}}],"collection":[{"href":"https:\/\/www.rivers-avenue.com\/RA\/index.php?rest_route=\/wp\/v2\/pages"}],"about":[{"href":"https:\/\/www.rivers-avenue.com\/RA\/index.php?rest_route=\/wp\/v2\/types\/page"}],"author":[{"embeddable":true,"href":"https:\/\/www.rivers-avenue.com\/RA\/index.php?rest_route=\/wp\/v2\/users\/1"}],"replies":[{"embeddable":true,"href":"https:\/\/www.rivers-avenue.com\/RA\/index.php?rest_route=%2Fwp%2Fv2%2Fcomments&post=12"}],"version-history":[{"count":11,"href":"https:\/\/www.rivers-avenue.com\/RA\/index.php?rest_route=\/wp\/v2\/pages\/12\/revisions"}],"predecessor-version":[{"id":670,"href":"https:\/\/www.rivers-avenue.com\/RA\/index.php?rest_route=\/wp\/v2\/pages\/12\/revisions\/670"}],"wp:featuredmedia":[{"embeddable":true,"href":"https:\/\/www.rivers-avenue.com\/RA\/index.php?rest_route=\/wp\/v2\/media\/667"}],"wp:attachment":[{"href":"https:\/\/www.rivers-avenue.com\/RA\/index.php?rest_route=%2Fwp%2Fv2%2Fmedia&parent=12"}],"curies":[{"name":"wp","href":"https:\/\/api.w.org\/{rel}","templated":true}]}}