{"id":108,"date":"2014-03-21T14:31:55","date_gmt":"2014-03-21T14:31:55","guid":{"rendered":"http:\/\/rivers-avenue.com\/RA\/?page_id=108"},"modified":"2025-11-18T11:14:53","modified_gmt":"2025-11-18T11:14:53","slug":"webshop","status":"publish","type":"page","link":"https:\/\/www.rivers-avenue.com\/RA\/?page_id=108","title":{"rendered":"Shop"},"content":{"rendered":"\n<p class=\"has-black-color has-text-color has-link-color wp-elements-9ac00cf961d1ea846fe5a532228b76c6\"><\/p>\n\n\n\n<p>Hier kl\u00f6nnte ihr unsere Alben &#8222;Down The Road&#8220; und &#8222;Listen and Repeat&#8220; erwerben.<\/p>\n\n\n\n<p>Down The Road als Hardcover CD 5,00 \u20ac zzgl. Versand<\/p>\n\n\n\n<figure class=\"wp-block-image size-full\"><a href=\"https:\/\/www.rivers-avenue.com\/RA\/wp-content\/uploads\/2025\/11\/RA-DTR-album_cover_1.jpg\"><img loading=\"lazy\" decoding=\"async\" width=\"700\" height=\"642\" src=\"https:\/\/www.rivers-avenue.com\/RA\/wp-content\/uploads\/2025\/11\/RA-DTR-album_cover_1.jpg\" alt=\"\" class=\"wp-image-691\" srcset=\"https:\/\/www.rivers-avenue.com\/RA\/wp-content\/uploads\/2025\/11\/RA-DTR-album_cover_1.jpg 700w, https:\/\/www.rivers-avenue.com\/RA\/wp-content\/uploads\/2025\/11\/RA-DTR-album_cover_1-300x275.jpg 300w\" sizes=\"auto, (max-width: 700px) 100vw, 700px\" \/><\/a><\/figure>\n\n\n\n<p>Listen and Repeat als Hardcover CD 5,00 \u20ac zzgl. Versand<\/p>\n\n\n\n<figure class=\"wp-block-image size-large\"><a href=\"https:\/\/www.rivers-avenue.com\/RA\/wp-content\/uploads\/2025\/11\/RA-ListenAndRepeat-cover-CMYK-300.jpg\"><img loading=\"lazy\" decoding=\"async\" width=\"1024\" height=\"1024\" src=\"https:\/\/www.rivers-avenue.com\/RA\/wp-content\/uploads\/2025\/11\/RA-ListenAndRepeat-cover-CMYK-300-1024x1024.jpg\" alt=\"\" class=\"wp-image-692\" srcset=\"https:\/\/www.rivers-avenue.com\/RA\/wp-content\/uploads\/2025\/11\/RA-ListenAndRepeat-cover-CMYK-300-1024x1024.jpg 1024w, https:\/\/www.rivers-avenue.com\/RA\/wp-content\/uploads\/2025\/11\/RA-ListenAndRepeat-cover-CMYK-300-300x300.jpg 300w, https:\/\/www.rivers-avenue.com\/RA\/wp-content\/uploads\/2025\/11\/RA-ListenAndRepeat-cover-CMYK-300-150x150.jpg 150w, https:\/\/www.rivers-avenue.com\/RA\/wp-content\/uploads\/2025\/11\/RA-ListenAndRepeat-cover-CMYK-300-768x768.jpg 768w, https:\/\/www.rivers-avenue.com\/RA\/wp-content\/uploads\/2025\/11\/RA-ListenAndRepeat-cover-CMYK-300.jpg 1417w\" sizes=\"auto, (max-width: 1024px) 100vw, 1024px\" \/><\/a><\/figure>\n\n\n\n<p>Beide CDs als Set f\u00fcr 10,00 \u20ac zzgl. Versand<\/p>\n\n\n\n<p>Des weiteren haben wir noch eine Menge an T-Shirts f\u00fcr Damen und Herren. (Farben: oliv, braun, schwarz Gr\u00f6\u00dfen bitte anfragen). Anfragen an merch@rivers-avenue.com<\/p>\n\n\n\n<p><\/p>\n","protected":false},"excerpt":{"rendered":"<p>Hier kl\u00f6nnte ihr unsere Alben &#8222;Down The Road&#8220; und &#8222;Listen and Repeat&#8220; erwerben. Down The Road als Hardcover CD 5,00 \u20ac zzgl. Versand Listen and Repeat als Hardcover CD 5,00 \u20ac zzgl. Versand Beide CDs als Set f\u00fcr 10,00 \u20ac zzgl. Versand Des weiteren haben wir noch eine Menge an T-Shirts f\u00fcr Damen und Herren. (Farben: oliv, braun, schwarz Gr\u00f6\u00dfen bitte anfragen). Anfragen an merch@rivers-avenue.com<\/p>\n","protected":false},"author":1,"featured_media":0,"parent":0,"menu_order":0,"comment_status":"closed","ping_status":"closed","template":"","meta":{"footnotes":""},"class_list":["post-108","page","type-page","status-publish","hentry"],"_links":{"self":[{"href":"https:\/\/www.rivers-avenue.com\/RA\/index.php?rest_route=\/wp\/v2\/pages\/108","targetHints":{"allow":["GET"]}}],"collection":[{"href":"https:\/\/www.rivers-avenue.com\/RA\/index.php?rest_route=\/wp\/v2\/pages"}],"about":[{"href":"https:\/\/www.rivers-avenue.com\/RA\/index.php?rest_route=\/wp\/v2\/types\/page"}],"author":[{"embeddable":true,"href":"https:\/\/www.rivers-avenue.com\/RA\/index.php?rest_route=\/wp\/v2\/users\/1"}],"replies":[{"embeddable":true,"href":"https:\/\/www.rivers-avenue.com\/RA\/index.php?rest_route=%2Fwp%2Fv2%2Fcomments&post=108"}],"version-history":[{"count":5,"href":"https:\/\/www.rivers-avenue.com\/RA\/index.php?rest_route=\/wp\/v2\/pages\/108\/revisions"}],"predecessor-version":[{"id":695,"href":"https:\/\/www.rivers-avenue.com\/RA\/index.php?rest_route=\/wp\/v2\/pages\/108\/revisions\/695"}],"wp:attachment":[{"href":"https:\/\/www.rivers-avenue.com\/RA\/index.php?rest_route=%2Fwp%2Fv2%2Fmedia&parent=108"}],"curies":[{"name":"wp","href":"https:\/\/api.w.org\/{rel}","templated":true}]}}